{"id":11603,"date":"2025-01-02T12:21:37","date_gmt":"2025-01-02T11:21:37","guid":{"rendered":"https:\/\/artme-store.de\/?page_id=11603"},"modified":"2025-01-02T12:22:48","modified_gmt":"2025-01-02T11:22:48","slug":"kamila-ossowska","status":"publish","type":"page","link":"https:\/\/artme-store.de\/en\/kamila-ossowska\/","title":{"rendered":"Kamila Ossowska"},"content":{"rendered":"<div class=\"wpb-content-wrapper\"><p>[vc_row][vc_column width=&#8221;2\/3&#8243;]<div id=\"ultimate-heading-653369e091e0b5a2a\" class=\"uvc-heading ult-adjust-bottom-margin ultimate-heading-653369e091e0b5a2a uvc-5671 \" data-hspacer=\"no_spacer\"  data-halign=\"left\" style=\"text-align:left\"><div class=\"uvc-heading-spacer no_spacer\" style=\"top\"><\/div><div class=\"uvc-main-heading ult-responsive\"  data-ultimate-target='.uvc-heading.ultimate-heading-653369e091e0b5a2a h2'  data-responsive-json-new='{\"font-size\":\"desktop:30px;\",\"line-height\":\"\"}' ><h2 style=\"font-family:&#039;Open Sans&#039;;font-weight:300;\">Kamila Ossowska<\/h2><\/div><div class=\"uvc-sub-heading ult-responsive\"  data-ultimate-target='.uvc-heading.ultimate-heading-653369e091e0b5a2a .uvc-sub-heading '  data-responsive-json-new='{\"font-size\":\"desktop:22px;\",\"line-height\":\"\"}'  style=\"font-family:&#039;Open Sans&#039;;font-weight:300;\">(Poland)<\/div><\/div>[\/vc_column][vc_column width=&#8221;1\/3&#8243;][vc_facebook type=&#8221;button_count&#8221;][\/vc_column][\/vc_row][vc_row css=&#8221;.vc_custom_1527258826076{padding-top: 30px !important;}&#8221;][vc_column width=&#8221;1\/2&#8243;][vc_column_text css=&#8221;&#8221; el_class=&#8221;tekst-autor&#8221;]Poland<\/p>\n<p>Born in 1990 in Chojnice, a town in the Pomeranian region of Poland, she is a graduate of the Academy of Fine Arts in \u0141\u00f3d\u017a. She studied painting and drawing under the guidance of Professor Andrzej Sadowski.<\/p>\n<p>Her primary forms of artistic expression are drawing and painting. Her work predominantly focuses on figurative art, with a particular emphasis on the female figure, though she draws inspiration from various artistic movements. Working in the spirit of Impressionism, she places a stronger emphasis on the emotional impact of her images.<\/p>\n<p>Her art is deeply imbued with eroticism, radiating feminine sensuality and deliberate provocation. She constructs her compositions using light and a keen sensitivity to the situations she depicts, creating an evocative atmosphere that reveals the emotional richness of her works. While the contemplation of the female nude in her art extends beyond mere eroticism, she employs various means of expression, including combining abstraction and figuration in layered, painterly compositions. Through this, she delves into the depths of feminine experience. Her fragmented, ambiguous, and blurred forms invite unlimited interpretations, allowing viewers to experience her art in their own unique way.<\/p>\n<p>Her works have been exhibited in various group shows in Poland and, more recently, in France.<\/p>\n<p>[\/vc_column_text][\/vc_column][vc_column width=&#8221;1\/12&#8243;][\/vc_column][vc_column width=&#8221;1\/3&#8243;][vc_single_image image=&#8221;7038&#8243; img_size=&#8221;large&#8221; css=&#8221;&#8221;][\/vc_column][\/vc_row][vc_row][vc_column css=&#8221;.vc_custom_1526987099328{padding-top: 30px !important;padding-bottom: 30px !important;}&#8221;][vc_separator][\/vc_column][\/vc_row][vc_row][vc_column]<div id=\"ultimate-heading-752369e091e0b5a7b\" class=\"uvc-heading ult-adjust-bottom-margin ultimate-heading-752369e091e0b5a7b uvc-3747 \" data-hspacer=\"no_spacer\"  data-halign=\"left\" style=\"text-align:left\"><div class=\"uvc-heading-spacer no_spacer\" style=\"top\"><\/div><div class=\"uvc-main-heading ult-responsive\"  data-ultimate-target='.uvc-heading.ultimate-heading-752369e091e0b5a7b h2'  data-responsive-json-new='{\"font-size\":\"desktop:22px;\",\"line-height\":\"\"}' ><h2 style=\"font-family:&#039;Open Sans&#039;;font-weight:300;margin-bottom:35px;\">Works of the artist<\/h2><\/div><\/div><div class=\"woocommerce columns - 4\"><div class=\"pw_brand_target\"><\/div>[\/vc_column][\/vc_row]<\/p>\n<\/div>","protected":false},"excerpt":{"rendered":"<p>[vc_row][vc_column width=&#8221;2\/3&#8243;][\/vc_column][vc_column width=&#8221;1\/3&#8243;][vc_facebook type=&#8221;button_count&#8221;][\/vc_column][\/vc_row][vc_row css=&#8221;.vc_custom_1527258826076{padding-top: 30px !important;}&#8221;][vc_column width=&#8221;1\/2&#8243;][vc_column_text css=&#8221;&#8221; el_class=&#8221;tekst-autor&#8221;]Poland Born in 1990 in Chojnice, a town in the Pomeranian region of Poland, she is a graduate of the Academy of Fine Arts in \u0141\u00f3d\u017a. She studied painting and drawing under the guidance of Professor Andrzej Sadowski. Her primary forms of artistic expression are drawing&hellip;<\/p>\n","protected":false},"author":3,"featured_media":0,"parent":0,"menu_order":0,"comment_status":"closed","ping_status":"closed","template":"","meta":{"_acf_changed":false,"footnotes":""},"acf":[],"yoast_head":"<!-- This site is optimized with the Yoast SEO plugin v22.7 - https:\/\/yoast.com\/wordpress\/plugins\/seo\/ -->\n<title>Kamila Ossowska - Artme Gallery<\/title>\n<meta name=\"robots\" content=\"index, follow, max-snippet:-1, max-image-preview:large, max-video-preview:-1\" \/>\n<link rel=\"canonical\" href=\"https:\/\/artme-store.de\/en\/kamila-ossowska\/\" \/>\n<meta property=\"og:locale\" content=\"en_US\" \/>\n<meta property=\"og:type\" content=\"article\" \/>\n<meta property=\"og:title\" content=\"Kamila Ossowska - Artme Gallery\" \/>\n<meta property=\"og:description\" content=\"[vc_row][vc_column width=&#8221;2\/3&#8243;][\/vc_column][vc_column width=&#8221;1\/3&#8243;][vc_facebook type=&#8221;button_count&#8221;][\/vc_column][\/vc_row][vc_row css=&#8221;.vc_custom_1527258826076{padding-top: 30px !important;}&#8221;][vc_column width=&#8221;1\/2&#8243;][vc_column_text css=&#8221;&#8221; el_class=&#8221;tekst-autor&#8221;]Poland Born in 1990 in Chojnice, a town in the Pomeranian region of Poland, she is a graduate of the Academy of Fine Arts in \u0141\u00f3d\u017a. She studied painting and drawing under the guidance of Professor Andrzej Sadowski. Her primary forms of artistic expression are drawing&hellip;\" \/>\n<meta property=\"og:url\" content=\"https:\/\/artme-store.de\/en\/kamila-ossowska\/\" \/>\n<meta property=\"og:site_name\" content=\"Artme Gallery\" \/>\n<meta property=\"article:modified_time\" content=\"2025-01-02T11:22:48+00:00\" \/>\n<meta name=\"twitter:card\" content=\"summary_large_image\" \/>\n<meta name=\"twitter:label1\" content=\"Est. reading time\" \/>\n\t<meta name=\"twitter:data1\" content=\"2 minutes\" \/>\n<script type=\"application\/ld+json\" class=\"yoast-schema-graph\">{\"@context\":\"https:\/\/schema.org\",\"@graph\":[{\"@type\":\"WebPage\",\"@id\":\"https:\/\/artme-store.de\/en\/kamila-ossowska\/\",\"url\":\"https:\/\/artme-store.de\/en\/kamila-ossowska\/\",\"name\":\"Kamila Ossowska - Artme Gallery\",\"isPartOf\":{\"@id\":\"https:\/\/artme-store.de\/en\/#website\"},\"datePublished\":\"2025-01-02T11:21:37+00:00\",\"dateModified\":\"2025-01-02T11:22:48+00:00\",\"breadcrumb\":{\"@id\":\"https:\/\/artme-store.de\/en\/kamila-ossowska\/#breadcrumb\"},\"inLanguage\":\"en-US\",\"potentialAction\":[{\"@type\":\"ReadAction\",\"target\":[\"https:\/\/artme-store.de\/en\/kamila-ossowska\/\"]}]},{\"@type\":\"BreadcrumbList\",\"@id\":\"https:\/\/artme-store.de\/en\/kamila-ossowska\/#breadcrumb\",\"itemListElement\":[{\"@type\":\"ListItem\",\"position\":1,\"name\":\"Strona g\u0142\u00f3wna\",\"item\":\"https:\/\/artme-store.de\/en\/\"},{\"@type\":\"ListItem\",\"position\":2,\"name\":\"Kamila Ossowska\"}]},{\"@type\":\"WebSite\",\"@id\":\"https:\/\/artme-store.de\/en\/#website\",\"url\":\"https:\/\/artme-store.de\/en\/\",\"name\":\"Artme Gallery\",\"description\":\"Galeria sztuki i obraz\u00f3w\",\"publisher\":{\"@id\":\"https:\/\/artme-store.de\/en\/#organization\"},\"potentialAction\":[{\"@type\":\"SearchAction\",\"target\":{\"@type\":\"EntryPoint\",\"urlTemplate\":\"https:\/\/artme-store.de\/en\/?s={search_term_string}\"},\"query-input\":\"required name=search_term_string\"}],\"inLanguage\":\"en-US\"},{\"@type\":\"Organization\",\"@id\":\"https:\/\/artme-store.de\/en\/#organization\",\"name\":\"ART ME\",\"url\":\"https:\/\/artme-store.de\/en\/\",\"logo\":{\"@type\":\"ImageObject\",\"inLanguage\":\"en-US\",\"@id\":\"https:\/\/artme-store.de\/en\/#\/schema\/logo\/image\/\",\"url\":\"https:\/\/artme-store.de\/wp-content\/uploads\/2018\/10\/art14.png\",\"contentUrl\":\"https:\/\/artme-store.de\/wp-content\/uploads\/2018\/10\/art14.png\",\"width\":674,\"height\":236,\"caption\":\"ART ME\"},\"image\":{\"@id\":\"https:\/\/artme-store.de\/en\/#\/schema\/logo\/image\/\"}}]}<\/script>\n<!-- \/ Yoast SEO plugin. -->","yoast_head_json":{"title":"Kamila Ossowska - Artme Gallery","robots":{"index":"index","follow":"follow","max-snippet":"max-snippet:-1","max-image-preview":"max-image-preview:large","max-video-preview":"max-video-preview:-1"},"canonical":"https:\/\/artme-store.de\/en\/kamila-ossowska\/","og_locale":"en_US","og_type":"article","og_title":"Kamila Ossowska - Artme Gallery","og_description":"[vc_row][vc_column width=&#8221;2\/3&#8243;][\/vc_column][vc_column width=&#8221;1\/3&#8243;][vc_facebook type=&#8221;button_count&#8221;][\/vc_column][\/vc_row][vc_row css=&#8221;.vc_custom_1527258826076{padding-top: 30px !important;}&#8221;][vc_column width=&#8221;1\/2&#8243;][vc_column_text css=&#8221;&#8221; el_class=&#8221;tekst-autor&#8221;]Poland Born in 1990 in Chojnice, a town in the Pomeranian region of Poland, she is a graduate of the Academy of Fine Arts in \u0141\u00f3d\u017a. She studied painting and drawing under the guidance of Professor Andrzej Sadowski. Her primary forms of artistic expression are drawing&hellip;","og_url":"https:\/\/artme-store.de\/en\/kamila-ossowska\/","og_site_name":"Artme Gallery","article_modified_time":"2025-01-02T11:22:48+00:00","twitter_card":"summary_large_image","twitter_misc":{"Est. reading time":"2 minutes"},"schema":{"@context":"https:\/\/schema.org","@graph":[{"@type":"WebPage","@id":"https:\/\/artme-store.de\/en\/kamila-ossowska\/","url":"https:\/\/artme-store.de\/en\/kamila-ossowska\/","name":"Kamila Ossowska - Artme Gallery","isPartOf":{"@id":"https:\/\/artme-store.de\/en\/#website"},"datePublished":"2025-01-02T11:21:37+00:00","dateModified":"2025-01-02T11:22:48+00:00","breadcrumb":{"@id":"https:\/\/artme-store.de\/en\/kamila-ossowska\/#breadcrumb"},"inLanguage":"en-US","potentialAction":[{"@type":"ReadAction","target":["https:\/\/artme-store.de\/en\/kamila-ossowska\/"]}]},{"@type":"BreadcrumbList","@id":"https:\/\/artme-store.de\/en\/kamila-ossowska\/#breadcrumb","itemListElement":[{"@type":"ListItem","position":1,"name":"Strona g\u0142\u00f3wna","item":"https:\/\/artme-store.de\/en\/"},{"@type":"ListItem","position":2,"name":"Kamila Ossowska"}]},{"@type":"WebSite","@id":"https:\/\/artme-store.de\/en\/#website","url":"https:\/\/artme-store.de\/en\/","name":"Artme Gallery","description":"Galeria sztuki i obraz\u00f3w","publisher":{"@id":"https:\/\/artme-store.de\/en\/#organization"},"potentialAction":[{"@type":"SearchAction","target":{"@type":"EntryPoint","urlTemplate":"https:\/\/artme-store.de\/en\/?s={search_term_string}"},"query-input":"required name=search_term_string"}],"inLanguage":"en-US"},{"@type":"Organization","@id":"https:\/\/artme-store.de\/en\/#organization","name":"ART ME","url":"https:\/\/artme-store.de\/en\/","logo":{"@type":"ImageObject","inLanguage":"en-US","@id":"https:\/\/artme-store.de\/en\/#\/schema\/logo\/image\/","url":"https:\/\/artme-store.de\/wp-content\/uploads\/2018\/10\/art14.png","contentUrl":"https:\/\/artme-store.de\/wp-content\/uploads\/2018\/10\/art14.png","width":674,"height":236,"caption":"ART ME"},"image":{"@id":"https:\/\/artme-store.de\/en\/#\/schema\/logo\/image\/"}}]}},"_links":{"self":[{"href":"https:\/\/artme-store.de\/en\/wp-json\/wp\/v2\/pages\/11603"}],"collection":[{"href":"https:\/\/artme-store.de\/en\/wp-json\/wp\/v2\/pages"}],"about":[{"href":"https:\/\/artme-store.de\/en\/wp-json\/wp\/v2\/types\/page"}],"author":[{"embeddable":true,"href":"https:\/\/artme-store.de\/en\/wp-json\/wp\/v2\/users\/3"}],"replies":[{"embeddable":true,"href":"https:\/\/artme-store.de\/en\/wp-json\/wp\/v2\/comments?post=11603"}],"version-history":[{"count":2,"href":"https:\/\/artme-store.de\/en\/wp-json\/wp\/v2\/pages\/11603\/revisions"}],"predecessor-version":[{"id":11605,"href":"https:\/\/artme-store.de\/en\/wp-json\/wp\/v2\/pages\/11603\/revisions\/11605"}],"wp:attachment":[{"href":"https:\/\/artme-store.de\/en\/wp-json\/wp\/v2\/media?parent=11603"}],"curies":[{"name":"wp","href":"https:\/\/api.w.org\/{rel}","templated":true}]}}