{"id":6266,"date":"2023-02-09T10:18:58","date_gmt":"2023-02-09T09:18:58","guid":{"rendered":"https:\/\/artme-store.de\/izabela-manturo\/"},"modified":"2023-03-23T01:02:48","modified_gmt":"2023-03-23T00:02:48","slug":"izabela-manturo","status":"publish","type":"page","link":"https:\/\/artme-store.de\/en\/izabela-manturo\/","title":{"rendered":"Izabela Manturo"},"content":{"rendered":"<div class=\"wpb-content-wrapper\"><p>[vc_row][vc_column width=&#8221;2\/3&#8243;]<div id=\"ultimate-heading-917569dfe13d550f9\" class=\"uvc-heading ult-adjust-bottom-margin ultimate-heading-917569dfe13d550f9 uvc-5627 \" data-hspacer=\"no_spacer\"  data-halign=\"left\" style=\"text-align:left\"><div class=\"uvc-heading-spacer no_spacer\" style=\"top\"><\/div><div class=\"uvc-main-heading ult-responsive\"  data-ultimate-target='.uvc-heading.ultimate-heading-917569dfe13d550f9 h2'  data-responsive-json-new='{\"font-size\":\"desktop:30px;\",\"line-height\":\"\"}' ><h2 style=\"font-family:&#039;Open Sans&#039;;font-weight:300;\">Izabela Manturo<\/h2><\/div><div class=\"uvc-sub-heading ult-responsive\"  data-ultimate-target='.uvc-heading.ultimate-heading-917569dfe13d550f9 .uvc-sub-heading '  data-responsive-json-new='{\"font-size\":\"desktop:22px;\",\"line-height\":\"\"}'  style=\"font-family:&#039;Open Sans&#039;;font-weight:300;\">(Polen)<\/div><\/div>[\/vc_column][vc_column width=&#8221;1\/3&#8243;][vc_facebook type=&#8221;button_count&#8221;][\/vc_column][\/vc_row][vc_row css=&#8221;.vc_custom_1527258826076{padding-top: 30px !important;}&#8221;][vc_column width=&#8221;1\/2&#8243;][vc_column_text el_class=&#8221;tekst-autor&#8221;]Geboren in 1995, Izabela ist Absolventin der Allgemeinen Schule der Bildenden K\u00fcnste in Warschau und der Fakult\u00e4ten f\u00fcr Grafik der Akademie der Bildenden K\u00fcnste in Warschau.<\/p>\n<p>&nbsp;<\/p>\n<p>F\u00fcr ihre Diplomarbeit (&#8220;Graduation&#8221;) wurde sie mit zwei Preisen ausgezeichnet (\u201eGraduation Projects\u201d und \u201eFont nie Czcionka\u201d). Die Basis ihrer Arbeit ist der Mensch. Mit Hilfe des Ausdrucks will sie menschliche Emotionen darstellen. Sie versucht, tief verborgene Zust\u00e4nde der menschlichen Psyche zu erreichen und sie auf nicht-w\u00f6rtliche Weise auf die Leinwand zu \u00fcbertragen.[\/vc_column_text][\/vc_column][vc_column width=&#8221;1\/12&#8243;][\/vc_column][vc_column width=&#8221;1\/3&#8243;][vc_single_image image=&#8221;4602&#8243; img_size=&#8221;large&#8221;][\/vc_column][\/vc_row][vc_row][vc_column css=&#8221;.vc_custom_1526987099328{padding-top: 30px !important;padding-bottom: 30px !important;}&#8221;][vc_separator][\/vc_column][\/vc_row][vc_row][vc_column]<div id=\"ultimate-heading-919969dfe13d55165\" class=\"uvc-heading ult-adjust-bottom-margin ultimate-heading-919969dfe13d55165 uvc-7712 \" data-hspacer=\"no_spacer\"  data-halign=\"left\" style=\"text-align:left\"><div class=\"uvc-heading-spacer no_spacer\" style=\"top\"><\/div><div class=\"uvc-main-heading ult-responsive\"  data-ultimate-target='.uvc-heading.ultimate-heading-919969dfe13d55165 h2'  data-responsive-json-new='{\"font-size\":\"desktop:22px;\",\"line-height\":\"\"}' ><h2 style=\"font-family:&#039;Open Sans&#039;;font-weight:300;margin-bottom:35px;\">Works of the artist<\/h2><\/div><\/div><div class=\"woocommerce columns - 4\"><div class=\"pw_brand_target\">\r\n        <div class=\"wf-container dt-products  woo-hover products loading-effect-fade-in description-on-hover cart-btn-on-img hide-description\" data-padding=\"0px\" data-cur-page=\"1\" data-desktop-columns-num=\"4\" data-v-tablet-columns-num=\"2\" data-h-tablet-columns-num=\"3\" data-phone-columns-num=\"1\">\r\n        \r\n            \n\n<article class=\"post visible description-off product type-product post-6402 status-publish first instock product_cat-prints-behind-acrylic-glass has-post-thumbnail taxable shipping-taxable purchasable product-type-variable\">\n\n\t<figure class=\"woocom-project\">\n\t<div class=\"woo-buttons-on-img\">\n\n\t\t<a href=\"https:\/\/artme-store.de\/en\/produkt\/limited-edition-i031\/\" class=\"alignnone layzr-bg\"><img loading=\"lazy\" decoding=\"async\" width=\"320\" height=\"363\" src=\"data:image\/svg+xml;charset=utf-8,%3Csvg xmlns%3D&#039;http%3A%2F%2Fwww.w3.org%2F2000%2Fsvg&#039; viewBox%3D&#039;0 0 320 363&#039;%2F%3E\" class=\"attachment-woocommerce_thumbnail size-woocommerce_thumbnail lazy-load preload-me\" alt=\"\" data-src=\"https:\/\/artme-store.de\/wp-content\/uploads\/2023\/02\/IM_i031-320x363.jpg\" data-srcset=\"https:\/\/artme-store.de\/wp-content\/uploads\/2023\/02\/IM_i031-320x363.jpg 320w, https:\/\/artme-store.de\/wp-content\/uploads\/2023\/02\/IM_i031-600x681.jpg 600w, https:\/\/artme-store.de\/wp-content\/uploads\/2023\/02\/IM_i031-264x300.jpg 264w, https:\/\/artme-store.de\/wp-content\/uploads\/2023\/02\/IM_i031.jpg 617w\" \/><\/a><div class=\"tinv-wraper woocommerce tinv-wishlist tinvwl-shortcode-add-to-cart tinvwl-loop-button-wrapper tinvwl-the_content\"\n\t data-tinvwl_product_id=\"4605\">\n\t<div class=\"tinv-wishlist-clear\"><\/div><a role=\"button\" tabindex=\"0\" name=\"add-to-wishlist\" aria-label=\"Add to Wishlist\" class=\"tinvwl_add_to_wishlist_button   tinvwl-position-after tinvwl-loop\" data-tinv-wl-list=\"[]\" data-tinv-wl-product=\"6402\" data-tinv-wl-productvariation=\"0\" data-tinv-wl-productvariations=\"[6403,6404,6405,0]\" data-tinv-wl-producttype=\"variable\" data-tinv-wl-action=\"add\"><span class=\"tinvwl_add_to_wishlist-text\">Add to Wishlist<\/span><\/a><div class=\"tinv-wishlist-clear\"><\/div>\t\t<div\n\t\tclass=\"tinvwl-tooltip\">Add to Wishlist<\/div>\n<\/div>\n\n\t<\/div>\n\t<figcaption class=\"woocom-list-content\">\n\n\t\t<span class=\"pw_brand_product_list\"><div class=\"wb-posted_in\"><\/div><a href=\"https:\/\/artme-store.de\/en\/artists\/izabela-manturo\/\">Izabela Manturo<\/a><\/span>\n\t<\/figcaption>\n<\/figure>\n\n<\/article>\n\n\r\n        \r\n        <\/div><\/div>\r\n        <div class=\"pagination_brand_grid\"><form class='pw_brand_pagination'>\r\n            <input type='hidden' name='pw_atts' value='{\"pw_brand\":\"303\",\"pw_show_title\":\"no\",\"pw_title_style\":\"\",\"pw_columns\":\"4\",\"pw_posts_per_page\":\"\",\"pw_orderby\":\"\",\"pw_order\":\"\"}'>\r\n            <input type='hidden' name='pw_paged' class='pw_paged' value='1'>\r\n            <\/form><a href=\"javascript:void(0)\" class=\"pagination_brand_grid_more_posts\" data-value=\"1\">1<\/a><\/div>\r\n    <\/div>[\/vc_column][\/vc_row]<\/p>\n<\/div>","protected":false},"excerpt":{"rendered":"<p>[vc_row][vc_column width=&#8221;2\/3&#8243;][\/vc_column][vc_column width=&#8221;1\/3&#8243;][vc_facebook type=&#8221;button_count&#8221;][\/vc_column][\/vc_row][vc_row css=&#8221;.vc_custom_1527258826076{padding-top: 30px !important;}&#8221;][vc_column width=&#8221;1\/2&#8243;][vc_column_text el_class=&#8221;tekst-autor&#8221;]Geboren in 1995, Izabela ist Absolventin der Allgemeinen Schule der Bildenden K\u00fcnste in Warschau und der Fakult\u00e4ten f\u00fcr Grafik der Akademie der Bildenden K\u00fcnste in Warschau. &nbsp; F\u00fcr ihre Diplomarbeit (&#8220;Graduation&#8221;) wurde sie mit zwei Preisen ausgezeichnet (\u201eGraduation Projects\u201d und \u201eFont nie Czcionka\u201d). Die Basis ihrer Arbeit&hellip;<\/p>\n","protected":false},"author":3,"featured_media":0,"parent":0,"menu_order":0,"comment_status":"closed","ping_status":"closed","template":"","meta":{"_acf_changed":false,"footnotes":""},"acf":[],"yoast_head":"<!-- This site is optimized with the Yoast SEO plugin v22.7 - https:\/\/yoast.com\/wordpress\/plugins\/seo\/ -->\n<title>Izabela Manturo - Artme Gallery<\/title>\n<meta name=\"robots\" content=\"index, follow, max-snippet:-1, max-image-preview:large, max-video-preview:-1\" \/>\n<link rel=\"canonical\" href=\"https:\/\/artme-store.de\/en\/izabela-manturo\/\" \/>\n<meta property=\"og:locale\" content=\"en_US\" \/>\n<meta property=\"og:type\" content=\"article\" \/>\n<meta property=\"og:title\" content=\"Izabela Manturo - Artme Gallery\" \/>\n<meta property=\"og:description\" content=\"[vc_row][vc_column width=&#8221;2\/3&#8243;][\/vc_column][vc_column width=&#8221;1\/3&#8243;][vc_facebook type=&#8221;button_count&#8221;][\/vc_column][\/vc_row][vc_row css=&#8221;.vc_custom_1527258826076{padding-top: 30px !important;}&#8221;][vc_column width=&#8221;1\/2&#8243;][vc_column_text el_class=&#8221;tekst-autor&#8221;]Geboren in 1995, Izabela ist Absolventin der Allgemeinen Schule der Bildenden K\u00fcnste in Warschau und der Fakult\u00e4ten f\u00fcr Grafik der Akademie der Bildenden K\u00fcnste in Warschau. &nbsp; F\u00fcr ihre Diplomarbeit (&#8220;Graduation&#8221;) wurde sie mit zwei Preisen ausgezeichnet (\u201eGraduation Projects\u201d und \u201eFont nie Czcionka\u201d). Die Basis ihrer Arbeit&hellip;\" \/>\n<meta property=\"og:url\" content=\"https:\/\/artme-store.de\/en\/izabela-manturo\/\" \/>\n<meta property=\"og:site_name\" content=\"Artme Gallery\" \/>\n<meta property=\"article:modified_time\" content=\"2023-03-23T00:02:48+00:00\" \/>\n<meta name=\"twitter:card\" content=\"summary_large_image\" \/>\n<meta name=\"twitter:label1\" content=\"Est. reading time\" \/>\n\t<meta name=\"twitter:data1\" content=\"1 minute\" \/>\n<script type=\"application\/ld+json\" class=\"yoast-schema-graph\">{\"@context\":\"https:\/\/schema.org\",\"@graph\":[{\"@type\":\"WebPage\",\"@id\":\"https:\/\/artme-store.de\/en\/izabela-manturo\/\",\"url\":\"https:\/\/artme-store.de\/en\/izabela-manturo\/\",\"name\":\"Izabela Manturo - Artme Gallery\",\"isPartOf\":{\"@id\":\"https:\/\/artme-store.de\/en\/#website\"},\"datePublished\":\"2023-02-09T09:18:58+00:00\",\"dateModified\":\"2023-03-23T00:02:48+00:00\",\"breadcrumb\":{\"@id\":\"https:\/\/artme-store.de\/en\/izabela-manturo\/#breadcrumb\"},\"inLanguage\":\"en-US\",\"potentialAction\":[{\"@type\":\"ReadAction\",\"target\":[\"https:\/\/artme-store.de\/en\/izabela-manturo\/\"]}]},{\"@type\":\"BreadcrumbList\",\"@id\":\"https:\/\/artme-store.de\/en\/izabela-manturo\/#breadcrumb\",\"itemListElement\":[{\"@type\":\"ListItem\",\"position\":1,\"name\":\"Strona g\u0142\u00f3wna\",\"item\":\"https:\/\/artme-store.de\/en\/\"},{\"@type\":\"ListItem\",\"position\":2,\"name\":\"Izabela Manturo\"}]},{\"@type\":\"WebSite\",\"@id\":\"https:\/\/artme-store.de\/en\/#website\",\"url\":\"https:\/\/artme-store.de\/en\/\",\"name\":\"Artme Gallery\",\"description\":\"Galeria sztuki i obraz\u00f3w\",\"publisher\":{\"@id\":\"https:\/\/artme-store.de\/en\/#organization\"},\"potentialAction\":[{\"@type\":\"SearchAction\",\"target\":{\"@type\":\"EntryPoint\",\"urlTemplate\":\"https:\/\/artme-store.de\/en\/?s={search_term_string}\"},\"query-input\":\"required name=search_term_string\"}],\"inLanguage\":\"en-US\"},{\"@type\":\"Organization\",\"@id\":\"https:\/\/artme-store.de\/en\/#organization\",\"name\":\"ART ME\",\"url\":\"https:\/\/artme-store.de\/en\/\",\"logo\":{\"@type\":\"ImageObject\",\"inLanguage\":\"en-US\",\"@id\":\"https:\/\/artme-store.de\/en\/#\/schema\/logo\/image\/\",\"url\":\"https:\/\/artme-store.de\/wp-content\/uploads\/2018\/10\/art14.png\",\"contentUrl\":\"https:\/\/artme-store.de\/wp-content\/uploads\/2018\/10\/art14.png\",\"width\":674,\"height\":236,\"caption\":\"ART ME\"},\"image\":{\"@id\":\"https:\/\/artme-store.de\/en\/#\/schema\/logo\/image\/\"}}]}<\/script>\n<!-- \/ Yoast SEO plugin. -->","yoast_head_json":{"title":"Izabela Manturo - Artme Gallery","robots":{"index":"index","follow":"follow","max-snippet":"max-snippet:-1","max-image-preview":"max-image-preview:large","max-video-preview":"max-video-preview:-1"},"canonical":"https:\/\/artme-store.de\/en\/izabela-manturo\/","og_locale":"en_US","og_type":"article","og_title":"Izabela Manturo - Artme Gallery","og_description":"[vc_row][vc_column width=&#8221;2\/3&#8243;][\/vc_column][vc_column width=&#8221;1\/3&#8243;][vc_facebook type=&#8221;button_count&#8221;][\/vc_column][\/vc_row][vc_row css=&#8221;.vc_custom_1527258826076{padding-top: 30px !important;}&#8221;][vc_column width=&#8221;1\/2&#8243;][vc_column_text el_class=&#8221;tekst-autor&#8221;]Geboren in 1995, Izabela ist Absolventin der Allgemeinen Schule der Bildenden K\u00fcnste in Warschau und der Fakult\u00e4ten f\u00fcr Grafik der Akademie der Bildenden K\u00fcnste in Warschau. &nbsp; F\u00fcr ihre Diplomarbeit (&#8220;Graduation&#8221;) wurde sie mit zwei Preisen ausgezeichnet (\u201eGraduation Projects\u201d und \u201eFont nie Czcionka\u201d). Die Basis ihrer Arbeit&hellip;","og_url":"https:\/\/artme-store.de\/en\/izabela-manturo\/","og_site_name":"Artme Gallery","article_modified_time":"2023-03-23T00:02:48+00:00","twitter_card":"summary_large_image","twitter_misc":{"Est. reading time":"1 minute"},"schema":{"@context":"https:\/\/schema.org","@graph":[{"@type":"WebPage","@id":"https:\/\/artme-store.de\/en\/izabela-manturo\/","url":"https:\/\/artme-store.de\/en\/izabela-manturo\/","name":"Izabela Manturo - Artme Gallery","isPartOf":{"@id":"https:\/\/artme-store.de\/en\/#website"},"datePublished":"2023-02-09T09:18:58+00:00","dateModified":"2023-03-23T00:02:48+00:00","breadcrumb":{"@id":"https:\/\/artme-store.de\/en\/izabela-manturo\/#breadcrumb"},"inLanguage":"en-US","potentialAction":[{"@type":"ReadAction","target":["https:\/\/artme-store.de\/en\/izabela-manturo\/"]}]},{"@type":"BreadcrumbList","@id":"https:\/\/artme-store.de\/en\/izabela-manturo\/#breadcrumb","itemListElement":[{"@type":"ListItem","position":1,"name":"Strona g\u0142\u00f3wna","item":"https:\/\/artme-store.de\/en\/"},{"@type":"ListItem","position":2,"name":"Izabela Manturo"}]},{"@type":"WebSite","@id":"https:\/\/artme-store.de\/en\/#website","url":"https:\/\/artme-store.de\/en\/","name":"Artme Gallery","description":"Galeria sztuki i obraz\u00f3w","publisher":{"@id":"https:\/\/artme-store.de\/en\/#organization"},"potentialAction":[{"@type":"SearchAction","target":{"@type":"EntryPoint","urlTemplate":"https:\/\/artme-store.de\/en\/?s={search_term_string}"},"query-input":"required name=search_term_string"}],"inLanguage":"en-US"},{"@type":"Organization","@id":"https:\/\/artme-store.de\/en\/#organization","name":"ART ME","url":"https:\/\/artme-store.de\/en\/","logo":{"@type":"ImageObject","inLanguage":"en-US","@id":"https:\/\/artme-store.de\/en\/#\/schema\/logo\/image\/","url":"https:\/\/artme-store.de\/wp-content\/uploads\/2018\/10\/art14.png","contentUrl":"https:\/\/artme-store.de\/wp-content\/uploads\/2018\/10\/art14.png","width":674,"height":236,"caption":"ART ME"},"image":{"@id":"https:\/\/artme-store.de\/en\/#\/schema\/logo\/image\/"}}]}},"_links":{"self":[{"href":"https:\/\/artme-store.de\/en\/wp-json\/wp\/v2\/pages\/6266"}],"collection":[{"href":"https:\/\/artme-store.de\/en\/wp-json\/wp\/v2\/pages"}],"about":[{"href":"https:\/\/artme-store.de\/en\/wp-json\/wp\/v2\/types\/page"}],"author":[{"embeddable":true,"href":"https:\/\/artme-store.de\/en\/wp-json\/wp\/v2\/users\/3"}],"replies":[{"embeddable":true,"href":"https:\/\/artme-store.de\/en\/wp-json\/wp\/v2\/comments?post=6266"}],"version-history":[{"count":3,"href":"https:\/\/artme-store.de\/en\/wp-json\/wp\/v2\/pages\/6266\/revisions"}],"predecessor-version":[{"id":6560,"href":"https:\/\/artme-store.de\/en\/wp-json\/wp\/v2\/pages\/6266\/revisions\/6560"}],"wp:attachment":[{"href":"https:\/\/artme-store.de\/en\/wp-json\/wp\/v2\/media?parent=6266"}],"curies":[{"name":"wp","href":"https:\/\/api.w.org\/{rel}","templated":true}]}}