{"id":6276,"date":"2020-03-10T11:15:51","date_gmt":"2020-03-10T10:15:51","guid":{"rendered":"https:\/\/artme-store.de\/impressum\/"},"modified":"2025-11-14T11:20:14","modified_gmt":"2025-11-14T10:20:14","slug":"legal-notice","status":"publish","type":"page","link":"https:\/\/artme-store.de\/en\/legal-notice\/","title":{"rendered":"Legal Notice"},"content":{"rendered":"<p data-start=\"282\" data-end=\"528\"><strong data-start=\"344\" data-end=\"409\">ARTME LIMITED EDITION Sp\u00f3\u0142ka z ograniczon\u0105 odpowiedzialno\u015bci\u0105<\/strong><br data-start=\"409\" data-end=\"412\" \/>ul. Krakowska 41,<br data-start=\"429\" data-end=\"432\" \/>31-066 Krak\u00f3w, Polen<br data-start=\"452\" data-end=\"455\" \/>KRS: 0001025814<br data-start=\"470\" data-end=\"473\" \/>USt-IdNr.: PL6762638968<br data-start=\"496\" data-end=\"499\" \/>E-Mail:\u00a0<a class=\"decorated-link cursor-pointer\" rel=\"noopener\" data-start=\"507\" data-end=\"526\">info@artme-store.de<\/a><\/p>\n<p data-start=\"530\" data-end=\"634\">Tel. PL +48 535 845 067<\/p>\n<p data-start=\"530\" data-end=\"634\">Tel. DE +49 176 840 279 79<\/p>\n<p data-start=\"530\" data-end=\"634\">The brand ART ME. Limited Edition belongs to ARTME LIMITED EDITION Sp\u00f3\u0142ka z ograniczon\u0105 odpowiedzialno\u015bci\u0105.<\/p>\n","protected":false},"excerpt":{"rendered":"<p>ARTME LIMITED EDITION Sp\u00f3\u0142ka z ograniczon\u0105 odpowiedzialno\u015bci\u0105ul. Krakowska 41,31-066 Krak\u00f3w, PolenKRS: 0001025814USt-IdNr.: PL6762638968E-Mail:\u00a0info@artme-store.de Tel. PL +48 535 845 067 Tel. DE +49 176 840 279 79 The brand ART ME. Limited Edition belongs to ARTME LIMITED EDITION Sp\u00f3\u0142ka z ograniczon\u0105 odpowiedzialno\u015bci\u0105.<\/p>\n","protected":false},"author":3,"featured_media":0,"parent":0,"menu_order":0,"comment_status":"closed","ping_status":"closed","template":"","meta":{"_acf_changed":false,"footnotes":""},"acf":[],"yoast_head":"<!-- This site is optimized with the Yoast SEO plugin v22.7 - https:\/\/yoast.com\/wordpress\/plugins\/seo\/ -->\n<title>Legal Notice - Artme Gallery<\/title>\n<meta name=\"robots\" content=\"index, follow, max-snippet:-1, max-image-preview:large, max-video-preview:-1\" \/>\n<link rel=\"canonical\" href=\"https:\/\/artme-store.de\/en\/legal-notice\/\" \/>\n<meta property=\"og:locale\" content=\"en_US\" \/>\n<meta property=\"og:type\" content=\"article\" \/>\n<meta property=\"og:title\" content=\"Legal Notice - Artme Gallery\" \/>\n<meta property=\"og:description\" content=\"ARTME LIMITED EDITION Sp\u00f3\u0142ka z ograniczon\u0105 odpowiedzialno\u015bci\u0105ul. Krakowska 41,31-066 Krak\u00f3w, PolenKRS: 0001025814USt-IdNr.: PL6762638968E-Mail:\u00a0info@artme-store.de Tel. PL +48 535 845 067 Tel. DE +49 176 840 279 79 The brand ART ME. Limited Edition belongs to ARTME LIMITED EDITION Sp\u00f3\u0142ka z ograniczon\u0105 odpowiedzialno\u015bci\u0105.\" \/>\n<meta property=\"og:url\" content=\"https:\/\/artme-store.de\/en\/legal-notice\/\" \/>\n<meta property=\"og:site_name\" content=\"Artme Gallery\" \/>\n<meta property=\"article:modified_time\" content=\"2025-11-14T10:20:14+00:00\" \/>\n<meta name=\"twitter:card\" content=\"summary_large_image\" \/>\n<meta name=\"twitter:label1\" content=\"Est. reading time\" \/>\n\t<meta name=\"twitter:data1\" content=\"1 minute\" \/>\n<script type=\"application\/ld+json\" class=\"yoast-schema-graph\">{\"@context\":\"https:\/\/schema.org\",\"@graph\":[{\"@type\":\"WebPage\",\"@id\":\"https:\/\/artme-store.de\/en\/legal-notice\/\",\"url\":\"https:\/\/artme-store.de\/en\/legal-notice\/\",\"name\":\"Legal Notice - Artme Gallery\",\"isPartOf\":{\"@id\":\"https:\/\/artme-store.de\/en\/#website\"},\"datePublished\":\"2020-03-10T10:15:51+00:00\",\"dateModified\":\"2025-11-14T10:20:14+00:00\",\"breadcrumb\":{\"@id\":\"https:\/\/artme-store.de\/en\/legal-notice\/#breadcrumb\"},\"inLanguage\":\"en-US\",\"potentialAction\":[{\"@type\":\"ReadAction\",\"target\":[\"https:\/\/artme-store.de\/en\/legal-notice\/\"]}]},{\"@type\":\"BreadcrumbList\",\"@id\":\"https:\/\/artme-store.de\/en\/legal-notice\/#breadcrumb\",\"itemListElement\":[{\"@type\":\"ListItem\",\"position\":1,\"name\":\"Strona g\u0142\u00f3wna\",\"item\":\"https:\/\/artme-store.de\/en\/\"},{\"@type\":\"ListItem\",\"position\":2,\"name\":\"Legal Notice\"}]},{\"@type\":\"WebSite\",\"@id\":\"https:\/\/artme-store.de\/en\/#website\",\"url\":\"https:\/\/artme-store.de\/en\/\",\"name\":\"Artme Gallery\",\"description\":\"Galeria sztuki i obraz\u00f3w\",\"publisher\":{\"@id\":\"https:\/\/artme-store.de\/en\/#organization\"},\"potentialAction\":[{\"@type\":\"SearchAction\",\"target\":{\"@type\":\"EntryPoint\",\"urlTemplate\":\"https:\/\/artme-store.de\/en\/?s={search_term_string}\"},\"query-input\":\"required name=search_term_string\"}],\"inLanguage\":\"en-US\"},{\"@type\":\"Organization\",\"@id\":\"https:\/\/artme-store.de\/en\/#organization\",\"name\":\"ART ME\",\"url\":\"https:\/\/artme-store.de\/en\/\",\"logo\":{\"@type\":\"ImageObject\",\"inLanguage\":\"en-US\",\"@id\":\"https:\/\/artme-store.de\/en\/#\/schema\/logo\/image\/\",\"url\":\"https:\/\/artme-store.de\/wp-content\/uploads\/2018\/10\/art14.png\",\"contentUrl\":\"https:\/\/artme-store.de\/wp-content\/uploads\/2018\/10\/art14.png\",\"width\":674,\"height\":236,\"caption\":\"ART ME\"},\"image\":{\"@id\":\"https:\/\/artme-store.de\/en\/#\/schema\/logo\/image\/\"}}]}<\/script>\n<!-- \/ Yoast SEO plugin. -->","yoast_head_json":{"title":"Legal Notice - Artme Gallery","robots":{"index":"index","follow":"follow","max-snippet":"max-snippet:-1","max-image-preview":"max-image-preview:large","max-video-preview":"max-video-preview:-1"},"canonical":"https:\/\/artme-store.de\/en\/legal-notice\/","og_locale":"en_US","og_type":"article","og_title":"Legal Notice - Artme Gallery","og_description":"ARTME LIMITED EDITION Sp\u00f3\u0142ka z ograniczon\u0105 odpowiedzialno\u015bci\u0105ul. Krakowska 41,31-066 Krak\u00f3w, PolenKRS: 0001025814USt-IdNr.: PL6762638968E-Mail:\u00a0info@artme-store.de Tel. PL +48 535 845 067 Tel. DE +49 176 840 279 79 The brand ART ME. Limited Edition belongs to ARTME LIMITED EDITION Sp\u00f3\u0142ka z ograniczon\u0105 odpowiedzialno\u015bci\u0105.","og_url":"https:\/\/artme-store.de\/en\/legal-notice\/","og_site_name":"Artme Gallery","article_modified_time":"2025-11-14T10:20:14+00:00","twitter_card":"summary_large_image","twitter_misc":{"Est. reading time":"1 minute"},"schema":{"@context":"https:\/\/schema.org","@graph":[{"@type":"WebPage","@id":"https:\/\/artme-store.de\/en\/legal-notice\/","url":"https:\/\/artme-store.de\/en\/legal-notice\/","name":"Legal Notice - Artme Gallery","isPartOf":{"@id":"https:\/\/artme-store.de\/en\/#website"},"datePublished":"2020-03-10T10:15:51+00:00","dateModified":"2025-11-14T10:20:14+00:00","breadcrumb":{"@id":"https:\/\/artme-store.de\/en\/legal-notice\/#breadcrumb"},"inLanguage":"en-US","potentialAction":[{"@type":"ReadAction","target":["https:\/\/artme-store.de\/en\/legal-notice\/"]}]},{"@type":"BreadcrumbList","@id":"https:\/\/artme-store.de\/en\/legal-notice\/#breadcrumb","itemListElement":[{"@type":"ListItem","position":1,"name":"Strona g\u0142\u00f3wna","item":"https:\/\/artme-store.de\/en\/"},{"@type":"ListItem","position":2,"name":"Legal Notice"}]},{"@type":"WebSite","@id":"https:\/\/artme-store.de\/en\/#website","url":"https:\/\/artme-store.de\/en\/","name":"Artme Gallery","description":"Galeria sztuki i obraz\u00f3w","publisher":{"@id":"https:\/\/artme-store.de\/en\/#organization"},"potentialAction":[{"@type":"SearchAction","target":{"@type":"EntryPoint","urlTemplate":"https:\/\/artme-store.de\/en\/?s={search_term_string}"},"query-input":"required name=search_term_string"}],"inLanguage":"en-US"},{"@type":"Organization","@id":"https:\/\/artme-store.de\/en\/#organization","name":"ART ME","url":"https:\/\/artme-store.de\/en\/","logo":{"@type":"ImageObject","inLanguage":"en-US","@id":"https:\/\/artme-store.de\/en\/#\/schema\/logo\/image\/","url":"https:\/\/artme-store.de\/wp-content\/uploads\/2018\/10\/art14.png","contentUrl":"https:\/\/artme-store.de\/wp-content\/uploads\/2018\/10\/art14.png","width":674,"height":236,"caption":"ART ME"},"image":{"@id":"https:\/\/artme-store.de\/en\/#\/schema\/logo\/image\/"}}]}},"_links":{"self":[{"href":"https:\/\/artme-store.de\/en\/wp-json\/wp\/v2\/pages\/6276"}],"collection":[{"href":"https:\/\/artme-store.de\/en\/wp-json\/wp\/v2\/pages"}],"about":[{"href":"https:\/\/artme-store.de\/en\/wp-json\/wp\/v2\/types\/page"}],"author":[{"embeddable":true,"href":"https:\/\/artme-store.de\/en\/wp-json\/wp\/v2\/users\/3"}],"replies":[{"embeddable":true,"href":"https:\/\/artme-store.de\/en\/wp-json\/wp\/v2\/comments?post=6276"}],"version-history":[{"count":4,"href":"https:\/\/artme-store.de\/en\/wp-json\/wp\/v2\/pages\/6276\/revisions"}],"predecessor-version":[{"id":13536,"href":"https:\/\/artme-store.de\/en\/wp-json\/wp\/v2\/pages\/6276\/revisions\/13536"}],"wp:attachment":[{"href":"https:\/\/artme-store.de\/en\/wp-json\/wp\/v2\/media?parent=6276"}],"curies":[{"name":"wp","href":"https:\/\/api.w.org\/{rel}","templated":true}]}}