{"id":6286,"date":"2018-02-14T22:27:16","date_gmt":"2018-02-14T21:27:16","guid":{"rendered":"https:\/\/artme-store.de\/uber-uns\/"},"modified":"2026-02-11T00:44:55","modified_gmt":"2026-02-10T23:44:55","slug":"about-us","status":"publish","type":"page","link":"https:\/\/artme-store.de\/en\/about-us\/","title":{"rendered":"About Us"},"content":{"rendered":"<div class=\"wpb-content-wrapper\"><p>[vc_row][vc_column width=&#8221;2\/3&#8243;]<div id=\"ultimate-heading-902069e83b8319264\" class=\"uvc-heading ult-adjust-bottom-margin ultimate-heading-902069e83b8319264 uvc-1127 \" data-hspacer=\"no_spacer\"  data-halign=\"left\" style=\"text-align:left\"><div class=\"uvc-heading-spacer no_spacer\" style=\"top\"><\/div><div class=\"uvc-main-heading ult-responsive\"  data-ultimate-target='.uvc-heading.ultimate-heading-902069e83b8319264 h2'  data-responsive-json-new='{\"font-size\":\"desktop:32px;\",\"line-height\":\"\"}' ><h2 style=\"font-family:&#039;Open Sans&#039;;font-weight:300;color:#888888;margin-top:40px;margin-bottom:25px;\">OUR OFFER<\/h2><\/div><\/div>[vc_column_text]Our art journey began 7 years ago and continues uninterrupted to this day. After numerous travels and meetings with artists and art galleries from around the world, we decided to create a Contemporary Art Gallery based on our experiences, offering limited series of prints of works by painters and photographers.<\/p>\n<p><strong>Why limited series?<\/strong><\/p>\n<p>It often happens that original paintings by recognized artists have high value or quickly find their way into the hands of new owners. We want anyone interested in art to be able to afford their favorite motifs \u2013 whether they are established collectors or just starting their adventure in the world of art. Hence the idea of creating high-quality limited series of photographic prints that reflect the original works of the artists.<\/p>\n<p>Our artworks are created in limited series, which means that their quantity is limited. We release all artists&#8217; works exclusively in a specific number of several dozen copies, each of which comes with an authenticity certificate bearing the handwritten signature of the author. This gives customers a sense of exclusivity and makes the artworks truly unique. After a particular motif is sold out, we guarantee that its production or reissue will not take place. We strive to avoid mass factory production.<\/p>\n<p><strong>Authenticity Certificate ART ME. Limited Edition<\/strong><\/p>\n<p>Every artist we collaborate with grants us a license to print their work. This means that their work will be available in the form of a limited edition under acrylic glass exclusively in our gallery. Each copy available in our offering comes with an authenticity certificate bearing an individual serial number and the handwritten signature of the author of the work. This gives customers the confidence that they are purchasing an original piece of art.<\/p>\n<p>[\/vc_column_text][\/vc_column][vc_column width=&#8221;1\/3&#8243;][\/vc_column][\/vc_row][vc_row][vc_column]<div id=\"ultimate-heading-357969e83b83192b6\" class=\"uvc-heading ult-adjust-bottom-margin ultimate-heading-357969e83b83192b6 uvc-1115 \" data-hspacer=\"no_spacer\"  data-halign=\"left\" style=\"text-align:left\"><div class=\"uvc-heading-spacer no_spacer\" style=\"top\"><\/div><div class=\"uvc-main-heading ult-responsive\"  data-ultimate-target='.uvc-heading.ultimate-heading-357969e83b83192b6 h2'  data-responsive-json-new='{\"font-size\":\"desktop:32px;\",\"line-height\":\"\"}' ><h2 style=\"font-family:&#039;Open Sans&#039;;font-weight:300;color:#888888;margin-top:40px;margin-bottom:25px;\">ABOUT US<\/h2><\/div><\/div>[\/vc_column][\/vc_row][vc_row equal_height=&#8221;yes&#8221; el_class=&#8221;about-us&#8221;][vc_column width=&#8221;4\/12&#8243; css=&#8221;.vc_custom_1546198923499{padding-top: 50px !important;padding-left: 50px !important;background-color: #4d4d4f !important;}&#8221;][vc_column_text el_class=&#8221;about-us-text&#8221;]<em>We travel, we meet extraordinary people from<\/em><\/p>\n<p><em> the world of art, and we establish new contacts.<\/em><\/p>\n<p>&nbsp;<\/p>\n<p><em>Utilizing these experiences, we gather the most intriguing works <\/em><\/p>\n<p><em>in a modern style and present them to you in our Gallery.<\/em><\/p>\n<p>&nbsp;<\/p>\n<p><em>We invite you to join us in the shared exploration of art, <\/em><\/p>\n<p><em>getting to know exceptional artists, and acquiring their creations!<\/em>[\/vc_column_text][vc_column_text css=&#8221;.vc_custom_1678924356204{margin-bottom: 50px !important;padding-top: 150px !important;}&#8221; el_class=&#8221;box-absolute&#8221;]<span style=\"color: #ffffff;\">Iwona &amp; Edyta Grzyb<\/span>[\/vc_column_text][\/vc_column][vc_column width=&#8221;5\/12&#8243; css=&#8221;.vc_custom_1770767067123{background-image: url(https:\/\/artme-store.de\/wp-content\/uploads\/2026\/02\/Iwona-i-Edyta_1-scaled.jpeg?id=14202) !important;background-position: center !important;background-repeat: no-repeat !important;background-size: cover !important;}&#8221; el_class=&#8221;about-us-rwd&#8221;][\/vc_column][vc_column width=&#8221;3\/12&#8243; el_class=&#8221;box-column&#8221;][vc_column_text el_class=&#8221;box-content&#8221;]<strong>Iwona<\/strong> (pictured right) &#8211; lives and works in Germany. Until 2017, she worked as a Market Intelligence Manager in the energy sector for General Electric. Since 2015, she has been intensively involved in art and the sale of artworks. Thanks to her knowledge and experience, together with her sister Edyta she founded the ART ME. Gallery. She is responsible for sales, strategy, organising events, making new contacts in the world and finding young talents.<br \/>\nyoung talents.[\/vc_column_text][vc_column_text]<strong>Edyta<\/strong> &#8211; Although she graduated in engineering in 2012, she soon decided to pursue a career as an artist. Edyta specialises in acrylic painting. She immediately established herself in the international art scene; her works have been developing promisingly in value ever since. For several years, the painter has participated in exhibitions in Hamburg, Munich, Amsterdam, Brussels and Warsaw. She also exhibits her works at art fairs &#8211; including in cities such as New York, Hong Kong, London. At ART ME. she is responsible for the creative elements of the gallery. She also decides on the selection of works to be sold<\/p>\n<p>More info about the artist:<\/p>\n<p><span style=\"color: #0000ff;\"><a style=\"color: #0000ff;\" href=\"http:\/\/www.edytagrzyb.com\">Website<\/a><\/span><\/p>\n<p><span style=\"color: #0000ff;\"><a style=\"color: #0000ff;\" href=\"https:\/\/www.instagram.com\/edyta_grzyb\/\">Instagram<\/a><\/span>[\/vc_column_text][vc_single_image image=&#8221;1645&#8243; img_size=&#8221;full&#8221; alignment=&#8221;center&#8221;][\/vc_column][\/vc_row]<\/p>\n<\/div>","protected":false},"excerpt":{"rendered":"<p>[vc_row][vc_column width=&#8221;2\/3&#8243;][vc_column_text]Our art journey began 7 years ago and continues uninterrupted to this day. After numerous travels and meetings with artists and art galleries from around the world, we decided to create a Contemporary Art Gallery based on our experiences, offering limited series of prints of works by painters and photographers. Why limited series? It&hellip;<\/p>\n","protected":false},"author":1,"featured_media":0,"parent":0,"menu_order":0,"comment_status":"closed","ping_status":"closed","template":"","meta":{"_acf_changed":false,"footnotes":""},"acf":[],"yoast_head":"<!-- This site is optimized with the Yoast SEO plugin v22.7 - https:\/\/yoast.com\/wordpress\/plugins\/seo\/ -->\n<title>Kup prawdziw\u0105 sztuk\u0119 od polskich artyst\u00f3w online I Galeria ARTME<\/title>\n<meta name=\"description\" content=\"Ciekawy wyb\u00f3r prac w stylu Pop Art, Street Art, Art Brut i inne. Prace r\u0119cznie malowane prosto od artysty. Certyfikat autentyczno\u015bci, gwarancja zwrotu do 14 dni.\" \/>\n<meta name=\"robots\" content=\"index, follow, max-snippet:-1, max-image-preview:large, max-video-preview:-1\" \/>\n<link rel=\"canonical\" href=\"https:\/\/artme-store.de\/en\/about-us\/\" \/>\n<meta property=\"og:locale\" content=\"en_US\" \/>\n<meta property=\"og:type\" content=\"article\" \/>\n<meta property=\"og:title\" content=\"Kup prawdziw\u0105 sztuk\u0119 od polskich artyst\u00f3w online I Galeria ARTME\" \/>\n<meta property=\"og:description\" content=\"Ciekawy wyb\u00f3r prac w stylu Pop Art, Street Art, Art Brut i inne. Prace r\u0119cznie malowane prosto od artysty. Certyfikat autentyczno\u015bci, gwarancja zwrotu do 14 dni.\" \/>\n<meta property=\"og:url\" content=\"https:\/\/artme-store.de\/en\/about-us\/\" \/>\n<meta property=\"og:site_name\" content=\"Artme Gallery\" \/>\n<meta property=\"article:modified_time\" content=\"2026-02-10T23:44:55+00:00\" \/>\n<meta name=\"twitter:card\" content=\"summary_large_image\" \/>\n<meta name=\"twitter:label1\" content=\"Est. reading time\" \/>\n\t<meta name=\"twitter:data1\" content=\"4 minutes\" \/>\n<script type=\"application\/ld+json\" class=\"yoast-schema-graph\">{\"@context\":\"https:\/\/schema.org\",\"@graph\":[{\"@type\":\"WebPage\",\"@id\":\"https:\/\/artme-store.de\/en\/about-us\/\",\"url\":\"https:\/\/artme-store.de\/en\/about-us\/\",\"name\":\"Kup prawdziw\u0105 sztuk\u0119 od polskich artyst\u00f3w online I Galeria ARTME\",\"isPartOf\":{\"@id\":\"https:\/\/artme-store.de\/en\/#website\"},\"datePublished\":\"2018-02-14T21:27:16+00:00\",\"dateModified\":\"2026-02-10T23:44:55+00:00\",\"description\":\"Ciekawy wyb\u00f3r prac w stylu Pop Art, Street Art, Art Brut i inne. Prace r\u0119cznie malowane prosto od artysty. Certyfikat autentyczno\u015bci, gwarancja zwrotu do 14 dni.\",\"breadcrumb\":{\"@id\":\"https:\/\/artme-store.de\/en\/about-us\/#breadcrumb\"},\"inLanguage\":\"en-US\",\"potentialAction\":[{\"@type\":\"ReadAction\",\"target\":[\"https:\/\/artme-store.de\/en\/about-us\/\"]}]},{\"@type\":\"BreadcrumbList\",\"@id\":\"https:\/\/artme-store.de\/en\/about-us\/#breadcrumb\",\"itemListElement\":[{\"@type\":\"ListItem\",\"position\":1,\"name\":\"Strona g\u0142\u00f3wna\",\"item\":\"https:\/\/artme-store.de\/en\/\"},{\"@type\":\"ListItem\",\"position\":2,\"name\":\"About Us\"}]},{\"@type\":\"WebSite\",\"@id\":\"https:\/\/artme-store.de\/en\/#website\",\"url\":\"https:\/\/artme-store.de\/en\/\",\"name\":\"Artme Gallery\",\"description\":\"Galeria sztuki i obraz\u00f3w\",\"publisher\":{\"@id\":\"https:\/\/artme-store.de\/en\/#organization\"},\"potentialAction\":[{\"@type\":\"SearchAction\",\"target\":{\"@type\":\"EntryPoint\",\"urlTemplate\":\"https:\/\/artme-store.de\/en\/?s={search_term_string}\"},\"query-input\":\"required name=search_term_string\"}],\"inLanguage\":\"en-US\"},{\"@type\":\"Organization\",\"@id\":\"https:\/\/artme-store.de\/en\/#organization\",\"name\":\"ART ME\",\"url\":\"https:\/\/artme-store.de\/en\/\",\"logo\":{\"@type\":\"ImageObject\",\"inLanguage\":\"en-US\",\"@id\":\"https:\/\/artme-store.de\/en\/#\/schema\/logo\/image\/\",\"url\":\"https:\/\/artme-store.de\/wp-content\/uploads\/2018\/10\/art14.png\",\"contentUrl\":\"https:\/\/artme-store.de\/wp-content\/uploads\/2018\/10\/art14.png\",\"width\":674,\"height\":236,\"caption\":\"ART ME\"},\"image\":{\"@id\":\"https:\/\/artme-store.de\/en\/#\/schema\/logo\/image\/\"}}]}<\/script>\n<!-- \/ Yoast SEO plugin. -->","yoast_head_json":{"title":"Kup prawdziw\u0105 sztuk\u0119 od polskich artyst\u00f3w online I Galeria ARTME","description":"Ciekawy wyb\u00f3r prac w stylu Pop Art, Street Art, Art Brut i inne. Prace r\u0119cznie malowane prosto od artysty. Certyfikat autentyczno\u015bci, gwarancja zwrotu do 14 dni.","robots":{"index":"index","follow":"follow","max-snippet":"max-snippet:-1","max-image-preview":"max-image-preview:large","max-video-preview":"max-video-preview:-1"},"canonical":"https:\/\/artme-store.de\/en\/about-us\/","og_locale":"en_US","og_type":"article","og_title":"Kup prawdziw\u0105 sztuk\u0119 od polskich artyst\u00f3w online I Galeria ARTME","og_description":"Ciekawy wyb\u00f3r prac w stylu Pop Art, Street Art, Art Brut i inne. Prace r\u0119cznie malowane prosto od artysty. Certyfikat autentyczno\u015bci, gwarancja zwrotu do 14 dni.","og_url":"https:\/\/artme-store.de\/en\/about-us\/","og_site_name":"Artme Gallery","article_modified_time":"2026-02-10T23:44:55+00:00","twitter_card":"summary_large_image","twitter_misc":{"Est. reading time":"4 minutes"},"schema":{"@context":"https:\/\/schema.org","@graph":[{"@type":"WebPage","@id":"https:\/\/artme-store.de\/en\/about-us\/","url":"https:\/\/artme-store.de\/en\/about-us\/","name":"Kup prawdziw\u0105 sztuk\u0119 od polskich artyst\u00f3w online I Galeria ARTME","isPartOf":{"@id":"https:\/\/artme-store.de\/en\/#website"},"datePublished":"2018-02-14T21:27:16+00:00","dateModified":"2026-02-10T23:44:55+00:00","description":"Ciekawy wyb\u00f3r prac w stylu Pop Art, Street Art, Art Brut i inne. Prace r\u0119cznie malowane prosto od artysty. Certyfikat autentyczno\u015bci, gwarancja zwrotu do 14 dni.","breadcrumb":{"@id":"https:\/\/artme-store.de\/en\/about-us\/#breadcrumb"},"inLanguage":"en-US","potentialAction":[{"@type":"ReadAction","target":["https:\/\/artme-store.de\/en\/about-us\/"]}]},{"@type":"BreadcrumbList","@id":"https:\/\/artme-store.de\/en\/about-us\/#breadcrumb","itemListElement":[{"@type":"ListItem","position":1,"name":"Strona g\u0142\u00f3wna","item":"https:\/\/artme-store.de\/en\/"},{"@type":"ListItem","position":2,"name":"About Us"}]},{"@type":"WebSite","@id":"https:\/\/artme-store.de\/en\/#website","url":"https:\/\/artme-store.de\/en\/","name":"Artme Gallery","description":"Galeria sztuki i obraz\u00f3w","publisher":{"@id":"https:\/\/artme-store.de\/en\/#organization"},"potentialAction":[{"@type":"SearchAction","target":{"@type":"EntryPoint","urlTemplate":"https:\/\/artme-store.de\/en\/?s={search_term_string}"},"query-input":"required name=search_term_string"}],"inLanguage":"en-US"},{"@type":"Organization","@id":"https:\/\/artme-store.de\/en\/#organization","name":"ART ME","url":"https:\/\/artme-store.de\/en\/","logo":{"@type":"ImageObject","inLanguage":"en-US","@id":"https:\/\/artme-store.de\/en\/#\/schema\/logo\/image\/","url":"https:\/\/artme-store.de\/wp-content\/uploads\/2018\/10\/art14.png","contentUrl":"https:\/\/artme-store.de\/wp-content\/uploads\/2018\/10\/art14.png","width":674,"height":236,"caption":"ART ME"},"image":{"@id":"https:\/\/artme-store.de\/en\/#\/schema\/logo\/image\/"}}]}},"_links":{"self":[{"href":"https:\/\/artme-store.de\/en\/wp-json\/wp\/v2\/pages\/6286"}],"collection":[{"href":"https:\/\/artme-store.de\/en\/wp-json\/wp\/v2\/pages"}],"about":[{"href":"https:\/\/artme-store.de\/en\/wp-json\/wp\/v2\/types\/page"}],"author":[{"embeddable":true,"href":"https:\/\/artme-store.de\/en\/wp-json\/wp\/v2\/users\/1"}],"replies":[{"embeddable":true,"href":"https:\/\/artme-store.de\/en\/wp-json\/wp\/v2\/comments?post=6286"}],"version-history":[{"count":10,"href":"https:\/\/artme-store.de\/en\/wp-json\/wp\/v2\/pages\/6286\/revisions"}],"predecessor-version":[{"id":14209,"href":"https:\/\/artme-store.de\/en\/wp-json\/wp\/v2\/pages\/6286\/revisions\/14209"}],"wp:attachment":[{"href":"https:\/\/artme-store.de\/en\/wp-json\/wp\/v2\/media?parent=6286"}],"curies":[{"name":"wp","href":"https:\/\/api.w.org\/{rel}","templated":true}]}}