{"id":13658,"date":"2025-11-22T08:58:32","date_gmt":"2025-11-22T07:58:32","guid":{"rendered":"https:\/\/artme-store.de\/?post_type=product&#038;p=13658"},"modified":"2025-11-23T10:38:20","modified_gmt":"2025-11-23T09:38:20","slug":"limited-edition-mickey-mouse-impression-kopia","status":"publish","type":"product","link":"https:\/\/artme-store.de\/en\/produkt\/limited-edition-mickey-mouse-impression-kopia\/","title":{"rendered":"Limited Edition &#8211; MICKEY MOUSE IMPRESSION"},"content":{"rendered":"<div class=\"wpb-content-wrapper\"><p>[vc_row][vc_column][vc_column_text]Das Bild ist eine Kopie vom Original.<\/p>\n<p><span class=\"tlid-translation translation\" lang=\"de\"><span title=\"\"><strong>Bildform:<\/strong> Pigmentdruck hinter Acrylglas, gl\u00e4nzend, eingelegt.<\/span>\u00a0<span title=\"\">Auf der R\u00fcckseite mit einer Montageschiene zum Aufh\u00e4ngen an der Wand.<\/span><br \/>\n<\/span><\/p>\n<p><strong>Verf\u00fcgbare Gr\u00f6\u00dfen:<\/strong><\/p>\n<ul>\n<li>100x100cm (Auflage: 50 Exemplare)<\/li>\n<li>120x120cm (Auflage: 50 Exemplare)<\/li>\n<\/ul>\n<p><span class=\"tlid-translation translation\" lang=\"de\"><span title=\"\">Auf der R\u00fcckseite des Werkes befindet sich ein <strong>Echtheitszertifikat<\/strong> mit einer <strong>Seriennummer<\/strong> und der <strong>Signatur<\/strong> der K\u00fcnstlerin EDYTA GRZYB.\u00a0<\/span><br \/>\n<\/span><\/p>\n<p><span class=\"tlid-translation translation\" lang=\"de\"><span title=\"\">Eigenschaften eines Werkes hinter Acrylglas:<\/span><\/span><\/p>\n<div class=\"standard-arrow bullet-top\">\n<ul>\n<li><span class=\"tlid-translation translation\" lang=\"de\"><span class=\"\" title=\"\">2 mm dickes Acrylglas<\/span><\/span><\/li>\n<li><span class=\"tlid-translation translation\" lang=\"de\"><span class=\"\" title=\"\">Wasserdicht<\/span><\/span><\/li>\n<li><span class=\"tlid-translation translation\" lang=\"de\"><span title=\"\">UV-best\u00e4ndig<\/span><\/span><\/li>\n<li><span class=\"tlid-translation translation\" lang=\"de\"><span title=\"\">Hoher Tiefeneffekt<\/span><\/span><\/li>\n<li><span class=\"tlid-translation translation\" lang=\"de\"><span title=\"\">Tolle, satte Farben<\/span><\/span><\/li>\n<li><span class=\"tlid-translation translation\" lang=\"de\"><span title=\"\">Klare Bilddetails<\/span><\/span><\/li>\n<\/ul>\n<p><strong>Option mit Holzrahmen:<\/strong><\/p>\n<p>Die von uns angebotenen Rahmen <strong>mit satinierter Oberfl\u00e4che<\/strong> sind in zwei Farbversionen erh\u00e4ltlich:<strong> schwarz oder wei\u00df.<\/strong> Sie sind aus Massivholz gefertigt und werden auf Bestellung von Hand montiert. Der Abstand zwischen dem Rahmen und dem Bild betr\u00e4gt 10 mm und verleiht einen schwebenden Effekt.<\/p>\n<p><strong>Lieferzeit:<\/strong>\u00a0der Versand erfolgt jeden Donnerstag aus unserem Lager in Krakau. Die Lieferzeit nach Deutschland betr\u00e4gt ca. 3 Arbeitstage. Nach Eingang der Bestellung werden wir uns mit Ihnen in Verbindung setzen, um das genaue Lieferzeitfenster abzustimmen.<\/p>\n<p><strong>R\u00fcckgabe:<\/strong>\u00a0Bei Online-Bestellung\u00a0haben Sie\u00a0ab Lieferdatum\u00a014 Tage Zeit, um einen Widerruf auszusprechen.<\/p>\n<\/div>\n<p>[\/vc_column_text][\/vc_column][\/vc_row]<\/p>\n<\/div>","protected":false},"excerpt":{"rendered":"<p>[vc_row][vc_column][vc_column_text]Das Bild ist eine Kopie vom Original. Bildform: Pigmentdruck hinter Acrylglas, gl\u00e4nzend, eingelegt.\u00a0Auf der R\u00fcckseite mit einer Montageschiene zum Aufh\u00e4ngen an der Wand. Verf\u00fcgbare Gr\u00f6\u00dfen: 100x100cm (Auflage: 50 Exemplare) 120x120cm (Auflage: 50 Exemplare) Auf der R\u00fcckseite des Werkes befindet sich ein Echtheitszertifikat mit einer Seriennummer und der Signatur der K\u00fcnstlerin EDYTA GRZYB.\u00a0 Eigenschaften eines Werkes&hellip;<\/p>\n","protected":false},"featured_media":9377,"template":"","meta":{"_acf_changed":false},"product_cat":[379],"product_tag":[],"acf":[],"yoast_head":"<!-- This site is optimized with the Yoast SEO plugin v22.7 - https:\/\/yoast.com\/wordpress\/plugins\/seo\/ -->\n<title>Limited Edition - MICKEY MOUSE IMPRESSION - Artme Gallery<\/title>\n<meta name=\"robots\" content=\"index, follow, max-snippet:-1, max-image-preview:large, max-video-preview:-1\" \/>\n<link rel=\"canonical\" href=\"https:\/\/artme-store.de\/en\/produkt\/limited-edition-mickey-mouse-impression-kopia\/\" \/>\n<meta property=\"og:locale\" content=\"en_US\" \/>\n<meta property=\"og:type\" content=\"article\" \/>\n<meta property=\"og:title\" content=\"Limited Edition - MICKEY MOUSE IMPRESSION - Artme Gallery\" \/>\n<meta property=\"og:description\" content=\"[vc_row][vc_column][vc_column_text]Das Bild ist eine Kopie vom Original. Bildform: Pigmentdruck hinter Acrylglas, gl\u00e4nzend, eingelegt.\u00a0Auf der R\u00fcckseite mit einer Montageschiene zum Aufh\u00e4ngen an der Wand. Verf\u00fcgbare Gr\u00f6\u00dfen: 100x100cm (Auflage: 50 Exemplare) 120x120cm (Auflage: 50 Exemplare) Auf der R\u00fcckseite des Werkes befindet sich ein Echtheitszertifikat mit einer Seriennummer und der Signatur der K\u00fcnstlerin EDYTA GRZYB.\u00a0 Eigenschaften eines Werkes&hellip;\" \/>\n<meta property=\"og:url\" content=\"https:\/\/artme-store.de\/en\/produkt\/limited-edition-mickey-mouse-impression-kopia\/\" \/>\n<meta property=\"og:site_name\" content=\"Artme Gallery\" \/>\n<meta property=\"article:modified_time\" content=\"2025-11-23T09:38:20+00:00\" \/>\n<meta property=\"og:image\" content=\"https:\/\/artme-store.de\/wp-content\/uploads\/2023\/10\/MM-IMPRESSION.png\" \/>\n\t<meta property=\"og:image:width\" content=\"700\" \/>\n\t<meta property=\"og:image:height\" content=\"700\" \/>\n\t<meta property=\"og:image:type\" content=\"image\/png\" \/>\n<meta name=\"twitter:card\" content=\"summary_large_image\" \/>\n<meta name=\"twitter:label1\" content=\"Est. reading time\" \/>\n\t<meta name=\"twitter:data1\" content=\"1 minute\" \/>\n<script type=\"application\/ld+json\" class=\"yoast-schema-graph\">{\"@context\":\"https:\/\/schema.org\",\"@graph\":[{\"@type\":\"WebPage\",\"@id\":\"https:\/\/artme-store.de\/en\/produkt\/limited-edition-mickey-mouse-impression-kopia\/\",\"url\":\"https:\/\/artme-store.de\/en\/produkt\/limited-edition-mickey-mouse-impression-kopia\/\",\"name\":\"Limited Edition - MICKEY MOUSE IMPRESSION - Artme Gallery\",\"isPartOf\":{\"@id\":\"https:\/\/artme-store.de\/en\/#website\"},\"primaryImageOfPage\":{\"@id\":\"https:\/\/artme-store.de\/en\/produkt\/limited-edition-mickey-mouse-impression-kopia\/#primaryimage\"},\"image\":{\"@id\":\"https:\/\/artme-store.de\/en\/produkt\/limited-edition-mickey-mouse-impression-kopia\/#primaryimage\"},\"thumbnailUrl\":\"https:\/\/artme-store.de\/wp-content\/uploads\/2023\/10\/MM-IMPRESSION.png\",\"datePublished\":\"2025-11-22T07:58:32+00:00\",\"dateModified\":\"2025-11-23T09:38:20+00:00\",\"breadcrumb\":{\"@id\":\"https:\/\/artme-store.de\/en\/produkt\/limited-edition-mickey-mouse-impression-kopia\/#breadcrumb\"},\"inLanguage\":\"en-US\",\"potentialAction\":[{\"@type\":\"ReadAction\",\"target\":[\"https:\/\/artme-store.de\/en\/produkt\/limited-edition-mickey-mouse-impression-kopia\/\"]}]},{\"@type\":\"ImageObject\",\"inLanguage\":\"en-US\",\"@id\":\"https:\/\/artme-store.de\/en\/produkt\/limited-edition-mickey-mouse-impression-kopia\/#primaryimage\",\"url\":\"https:\/\/artme-store.de\/wp-content\/uploads\/2023\/10\/MM-IMPRESSION.png\",\"contentUrl\":\"https:\/\/artme-store.de\/wp-content\/uploads\/2023\/10\/MM-IMPRESSION.png\",\"width\":700,\"height\":700},{\"@type\":\"BreadcrumbList\",\"@id\":\"https:\/\/artme-store.de\/en\/produkt\/limited-edition-mickey-mouse-impression-kopia\/#breadcrumb\",\"itemListElement\":[{\"@type\":\"ListItem\",\"position\":1,\"name\":\"Strona g\u0142\u00f3wna\",\"item\":\"https:\/\/artme-store.de\/en\/\"},{\"@type\":\"ListItem\",\"position\":2,\"name\":\"Shop\",\"item\":\"https:\/\/artme-store.de\/en\/shop\/\"},{\"@type\":\"ListItem\",\"position\":3,\"name\":\"Limited Edition &#8211; MICKEY MOUSE IMPRESSION\"}]},{\"@type\":\"WebSite\",\"@id\":\"https:\/\/artme-store.de\/en\/#website\",\"url\":\"https:\/\/artme-store.de\/en\/\",\"name\":\"Artme Gallery\",\"description\":\"Galeria sztuki i obraz\u00f3w\",\"publisher\":{\"@id\":\"https:\/\/artme-store.de\/en\/#organization\"},\"potentialAction\":[{\"@type\":\"SearchAction\",\"target\":{\"@type\":\"EntryPoint\",\"urlTemplate\":\"https:\/\/artme-store.de\/en\/?s={search_term_string}\"},\"query-input\":\"required name=search_term_string\"}],\"inLanguage\":\"en-US\"},{\"@type\":\"Organization\",\"@id\":\"https:\/\/artme-store.de\/en\/#organization\",\"name\":\"ART ME\",\"url\":\"https:\/\/artme-store.de\/en\/\",\"logo\":{\"@type\":\"ImageObject\",\"inLanguage\":\"en-US\",\"@id\":\"https:\/\/artme-store.de\/en\/#\/schema\/logo\/image\/\",\"url\":\"https:\/\/artme-store.de\/wp-content\/uploads\/2018\/10\/art14.png\",\"contentUrl\":\"https:\/\/artme-store.de\/wp-content\/uploads\/2018\/10\/art14.png\",\"width\":674,\"height\":236,\"caption\":\"ART ME\"},\"image\":{\"@id\":\"https:\/\/artme-store.de\/en\/#\/schema\/logo\/image\/\"}}]}<\/script>\n<!-- \/ Yoast SEO plugin. -->","yoast_head_json":{"title":"Limited Edition - MICKEY MOUSE IMPRESSION - Artme Gallery","robots":{"index":"index","follow":"follow","max-snippet":"max-snippet:-1","max-image-preview":"max-image-preview:large","max-video-preview":"max-video-preview:-1"},"canonical":"https:\/\/artme-store.de\/en\/produkt\/limited-edition-mickey-mouse-impression-kopia\/","og_locale":"en_US","og_type":"article","og_title":"Limited Edition - MICKEY MOUSE IMPRESSION - Artme Gallery","og_description":"[vc_row][vc_column][vc_column_text]Das Bild ist eine Kopie vom Original. Bildform: Pigmentdruck hinter Acrylglas, gl\u00e4nzend, eingelegt.\u00a0Auf der R\u00fcckseite mit einer Montageschiene zum Aufh\u00e4ngen an der Wand. Verf\u00fcgbare Gr\u00f6\u00dfen: 100x100cm (Auflage: 50 Exemplare) 120x120cm (Auflage: 50 Exemplare) Auf der R\u00fcckseite des Werkes befindet sich ein Echtheitszertifikat mit einer Seriennummer und der Signatur der K\u00fcnstlerin EDYTA GRZYB.\u00a0 Eigenschaften eines Werkes&hellip;","og_url":"https:\/\/artme-store.de\/en\/produkt\/limited-edition-mickey-mouse-impression-kopia\/","og_site_name":"Artme Gallery","article_modified_time":"2025-11-23T09:38:20+00:00","og_image":[{"width":700,"height":700,"url":"https:\/\/artme-store.de\/wp-content\/uploads\/2023\/10\/MM-IMPRESSION.png","type":"image\/png"}],"twitter_card":"summary_large_image","twitter_misc":{"Est. reading time":"1 minute"},"schema":{"@context":"https:\/\/schema.org","@graph":[{"@type":"WebPage","@id":"https:\/\/artme-store.de\/en\/produkt\/limited-edition-mickey-mouse-impression-kopia\/","url":"https:\/\/artme-store.de\/en\/produkt\/limited-edition-mickey-mouse-impression-kopia\/","name":"Limited Edition - MICKEY MOUSE IMPRESSION - Artme Gallery","isPartOf":{"@id":"https:\/\/artme-store.de\/en\/#website"},"primaryImageOfPage":{"@id":"https:\/\/artme-store.de\/en\/produkt\/limited-edition-mickey-mouse-impression-kopia\/#primaryimage"},"image":{"@id":"https:\/\/artme-store.de\/en\/produkt\/limited-edition-mickey-mouse-impression-kopia\/#primaryimage"},"thumbnailUrl":"https:\/\/artme-store.de\/wp-content\/uploads\/2023\/10\/MM-IMPRESSION.png","datePublished":"2025-11-22T07:58:32+00:00","dateModified":"2025-11-23T09:38:20+00:00","breadcrumb":{"@id":"https:\/\/artme-store.de\/en\/produkt\/limited-edition-mickey-mouse-impression-kopia\/#breadcrumb"},"inLanguage":"en-US","potentialAction":[{"@type":"ReadAction","target":["https:\/\/artme-store.de\/en\/produkt\/limited-edition-mickey-mouse-impression-kopia\/"]}]},{"@type":"ImageObject","inLanguage":"en-US","@id":"https:\/\/artme-store.de\/en\/produkt\/limited-edition-mickey-mouse-impression-kopia\/#primaryimage","url":"https:\/\/artme-store.de\/wp-content\/uploads\/2023\/10\/MM-IMPRESSION.png","contentUrl":"https:\/\/artme-store.de\/wp-content\/uploads\/2023\/10\/MM-IMPRESSION.png","width":700,"height":700},{"@type":"BreadcrumbList","@id":"https:\/\/artme-store.de\/en\/produkt\/limited-edition-mickey-mouse-impression-kopia\/#breadcrumb","itemListElement":[{"@type":"ListItem","position":1,"name":"Strona g\u0142\u00f3wna","item":"https:\/\/artme-store.de\/en\/"},{"@type":"ListItem","position":2,"name":"Shop","item":"https:\/\/artme-store.de\/en\/shop\/"},{"@type":"ListItem","position":3,"name":"Limited Edition &#8211; MICKEY MOUSE IMPRESSION"}]},{"@type":"WebSite","@id":"https:\/\/artme-store.de\/en\/#website","url":"https:\/\/artme-store.de\/en\/","name":"Artme Gallery","description":"Galeria sztuki i obraz\u00f3w","publisher":{"@id":"https:\/\/artme-store.de\/en\/#organization"},"potentialAction":[{"@type":"SearchAction","target":{"@type":"EntryPoint","urlTemplate":"https:\/\/artme-store.de\/en\/?s={search_term_string}"},"query-input":"required name=search_term_string"}],"inLanguage":"en-US"},{"@type":"Organization","@id":"https:\/\/artme-store.de\/en\/#organization","name":"ART ME","url":"https:\/\/artme-store.de\/en\/","logo":{"@type":"ImageObject","inLanguage":"en-US","@id":"https:\/\/artme-store.de\/en\/#\/schema\/logo\/image\/","url":"https:\/\/artme-store.de\/wp-content\/uploads\/2018\/10\/art14.png","contentUrl":"https:\/\/artme-store.de\/wp-content\/uploads\/2018\/10\/art14.png","width":674,"height":236,"caption":"ART ME"},"image":{"@id":"https:\/\/artme-store.de\/en\/#\/schema\/logo\/image\/"}}]}},"_links":{"self":[{"href":"https:\/\/artme-store.de\/en\/wp-json\/wp\/v2\/product\/13658"}],"collection":[{"href":"https:\/\/artme-store.de\/en\/wp-json\/wp\/v2\/product"}],"about":[{"href":"https:\/\/artme-store.de\/en\/wp-json\/wp\/v2\/types\/product"}],"wp:featuredmedia":[{"embeddable":true,"href":"https:\/\/artme-store.de\/en\/wp-json\/wp\/v2\/media\/9377"}],"wp:attachment":[{"href":"https:\/\/artme-store.de\/en\/wp-json\/wp\/v2\/media?parent=13658"}],"wp:term":[{"taxonomy":"product_cat","embeddable":true,"href":"https:\/\/artme-store.de\/en\/wp-json\/wp\/v2\/product_cat?post=13658"},{"taxonomy":"product_tag","embeddable":true,"href":"https:\/\/artme-store.de\/en\/wp-json\/wp\/v2\/product_tag?post=13658"}],"curies":[{"name":"wp","href":"https:\/\/api.w.org\/{rel}","templated":true}]}}